{"id":7446,"date":"2026-03-30T12:41:29","date_gmt":"2026-03-30T12:41:29","guid":{"rendered":"https:\/\/simposio.afiscientifica.it\/?page_id=7446"},"modified":"2026-03-31T11:11:39","modified_gmt":"2026-03-31T11:11:39","slug":"poster-associazione-pazienti","status":"publish","type":"page","link":"https:\/\/simposio.afiscientifica.it\/en\/poster-associazione-pazienti\/","title":{"rendered":"Poster Associazioni di Pazienti"},"content":{"rendered":"<p><div class=\"fusion-fullwidth fullwidth-box fusion-builder-row-1 fusion-flex-container has-pattern-background has-mask-background hundred-percent-fullwidth non-hundred-percent-height-scrolling\" style=\"--awb-border-radius-top-left:0px;--awb-border-radius-top-right:0px;--awb-border-radius-bottom-right:0px;--awb-border-radius-bottom-left:0px;--awb-padding-right:72px;--awb-padding-left:72px;--awb-padding-right-medium:30px;--awb-padding-left-medium:30px;--awb-margin-top:1%;--awb-flex-wrap:wrap;\" ><div class=\"fusion-builder-row fusion-row fusion-flex-align-items-flex-start fusion-flex-content-wrap\" style=\"width:calc( 100% + 30px ) !important;max-width:calc( 100% + 30px ) !important;margin-left: calc(-30px \/ 2 );margin-right: calc(-30px \/ 2 );\"><div class=\"fusion-layout-column fusion_builder_column fusion-builder-column-0 fusion_builder_column_3_5 3_5 fusion-flex-column fusion-animated\" style=\"--awb-padding-top:40px;--awb-padding-right:40px;--awb-padding-bottom:40px;--awb-padding-left:40px;--awb-overflow:hidden;--awb-bg-color:var(--awb-color5);--awb-bg-color-hover:var(--awb-color5);--awb-bg-size:cover;--awb-border-radius:20px 20px 20px 20px;--awb-width-large:60%;--awb-spacing-right-large:15px;--awb-margin-bottom-large:0px;--awb-spacing-left-large:15px;--awb-width-medium:60%;--awb-order-medium:0;--awb-spacing-right-medium:15px;--awb-spacing-left-medium:15px;--awb-width-small:100%;--awb-order-small:0;--awb-spacing-right-small:15px;--awb-spacing-left-small:15px;\" data-animationtype=\"bounceInLeft\" data-animationduration=\"0.3\" data-animationoffset=\"top-into-view\"><div class=\"fusion-column-wrapper fusion-column-has-shadow fusion-flex-justify-content-flex-start fusion-content-layout-column\"><div class=\"fusion-title title fusion-title-1 fusion-sep-none fusion-title-center fusion-title-text fusion-title-size-one\" style=\"--awb-text-color:var(--awb-color1);--awb-margin-top:8px;--awb-margin-bottom:16px;--awb-margin-top-small:10px;--awb-margin-right-small:0px;--awb-margin-bottom-small:16px;--awb-margin-left-small:0px;--awb-font-size:56px;\"><h1 class=\"fusion-title-heading title-heading-center fusion-responsive-typography-calculated\" style=\"margin:0;font-size:1em;--fontSize:56;line-height:var(--awb-typography1-line-height);\">Poster Associazioni di Pazienti<\/h1><\/div><\/div><\/div><div class=\"fusion-layout-column fusion_builder_column fusion-builder-column-1 fusion_builder_column_2_5 2_5 fusion-flex-column fusion-flex-align-self-stretch fusion-no-small-visibility fusion-animated\" style=\"--awb-overflow:hidden;--awb-bg-image:linear-gradient(180deg, hsla(var(--awb-color5-h),var(--awb-color5-s),calc(var(--awb-color5-l) - 25%),calc(var(--awb-color5-a) - 90%)) 0%,hsla(var(--awb-color5-h),var(--awb-color5-s),var(--awb-color5-l),calc(var(--awb-color5-a) - 90%)) 100%);;--awb-bg-position:center center;--awb-bg-size:cover;--awb-border-radius:20px 20px 20px 20px;--awb-width-large:40%;--awb-spacing-right-large:15px;--awb-margin-bottom-large:0px;--awb-spacing-left-large:15px;--awb-width-medium:40%;--awb-order-medium:0;--awb-spacing-right-medium:15px;--awb-spacing-left-medium:15px;--awb-width-small:100%;--awb-order-small:0;--awb-spacing-right-small:15px;--awb-spacing-left-small:15px;\" data-animationtype=\"bounceInRight\" data-animationduration=\"0.3\" data-animationoffset=\"top-into-view\" data-scroll-devices=\"small-visibility,medium-visibility,large-visibility\"><div class=\"fusion-column-wrapper lazyload fusion-column-has-shadow fusion-flex-justify-content-flex-start fusion-content-layout-column fusion-column-has-bg-image\" data-bg-url=\"https:\/\/simposio.afiscientifica.it\/wp-content\/uploads\/2025\/12\/IMG-20220609-WA0058.jpg\" data-bg=\"https:\/\/simposio.afiscientifica.it\/wp-content\/uploads\/2025\/12\/IMG-20220609-WA0058.jpg\" data-bg-gradient=\"linear-gradient(180deg, hsla(var(--awb-color5-h),var(--awb-color5-s),calc(var(--awb-color5-l) - 25%),calc(var(--awb-color5-a) - 90%)) 0%,hsla(var(--awb-color5-h),var(--awb-color5-s),var(--awb-color5-l),calc(var(--awb-color5-a) - 90%)) 100%)\"><div class=\"fusion-separator fusion-full-width-sep\" style=\"align-self: center;margin-left: auto;margin-right: auto;width:100%;\"><\/div><\/div><\/div><\/div><\/div><div class=\"fusion-fullwidth fullwidth-box fusion-builder-row-2 fusion-flex-container has-pattern-background has-mask-background nonhundred-percent-fullwidth non-hundred-percent-height-scrolling fusion-animated\" style=\"--awb-border-radius-top-left:0px;--awb-border-radius-top-right:0px;--awb-border-radius-bottom-right:0px;--awb-border-radius-bottom-left:0px;--awb-padding-top:0px;--awb-padding-bottom:50px;--awb-margin-top:5%;--awb-flex-wrap:wrap;\" data-animationtype=\"zoomInUp\" data-animationduration=\"0.3\" data-animationoffset=\"top-into-view\" ><div class=\"fusion-builder-row fusion-row fusion-flex-align-items-flex-start fusion-flex-content-wrap\" style=\"max-width:1483.2px;margin-left: calc(-3% \/ 2 );margin-right: calc(-3% \/ 2 );\"><div class=\"fusion-layout-column fusion_builder_column fusion-builder-column-2 fusion-flex-column\" style=\"--awb-bg-size:cover;--awb-width-large:70%;--awb-spacing-right-large:2.0785714285714%;--awb-margin-bottom-large:0px;--awb-spacing-left-large:2.0785714285714%;--awb-width-medium:70%;--awb-order-medium:0;--awb-spacing-right-medium:2.0785714285714%;--awb-spacing-left-medium:2.0785714285714%;--awb-width-small:100%;--awb-order-small:0;--awb-spacing-right-small:1.455%;--awb-spacing-left-small:1.455%;\"><div class=\"fusion-column-wrapper fusion-column-has-shadow fusion-flex-justify-content-flex-start fusion-content-layout-column\"><div class=\"fusion-text fusion-text-1 fusion-text-no-margin\" style=\"--awb-font-size:var(--awb-typography2-font-size);--awb-line-height:var(--awb-typography2-line-height);--awb-letter-spacing:var(--awb-typography2-letter-spacing);--awb-text-transform:var(--awb-typography2-text-transform);--awb-margin-bottom:20px;--awb-text-font-family:var(--awb-typography2-font-family);--awb-text-font-weight:var(--awb-typography2-font-weight);--awb-text-font-style:var(--awb-typography2-font-style);\"><p>\u200b<\/p>\n<\/div><div class=\"fusion-title title fusion-title-2 fusion-sep-none fusion-title-text fusion-title-size-two\" style=\"--awb-margin-bottom:48px;--awb-margin-top-small:10px;--awb-margin-right-small:0px;--awb-margin-bottom-small:48px;--awb-margin-left-small:0px;\"><h2 class=\"fusion-title-heading title-heading-left fusion-responsive-typography-calculated\" style=\"margin:0;text-transform:none;--fontSize:42;line-height:var(--awb-typography1-line-height);\">Submit your Abstract<\/h2><\/div><\/div><\/div><div class=\"fusion-layout-column fusion_builder_column fusion-builder-column-3 fusion-flex-column fusion-flex-align-self-center fusion-no-small-visibility\" style=\"--awb-padding-right:20px;--awb-bg-size:cover;--awb-width-large:20%;--awb-spacing-right-large:7.275%;--awb-margin-bottom-large:0px;--awb-spacing-left-large:7.275%;--awb-width-medium:20%;--awb-order-medium:0;--awb-spacing-right-medium:7.275%;--awb-spacing-left-medium:7.275%;--awb-width-small:100%;--awb-order-small:0;--awb-spacing-right-small:1.455%;--awb-spacing-left-small:1.455%;\"><div class=\"fusion-column-wrapper fusion-column-has-shadow fusion-flex-justify-content-flex-start fusion-content-layout-column\"><\/div><\/div><div class=\"fusion-layout-column fusion_builder_column fusion-builder-column-4 fusion-flex-column fusion-flex-align-self-center fusion-no-small-visibility\" style=\"--awb-bg-size:cover;--awb-transition:filter 600ms ease, transform 600ms ease, background-color 600ms ease, border-color 600ms ease;--awb-transform:rotate(0deg);--awb-transform-hover:rotate(90deg);--awb-transform-parent-hover:rotate(90deg);--awb-width-large:10%;--awb-spacing-right-large:14.55%;--awb-margin-bottom-large:0px;--awb-spacing-left-large:14.55%;--awb-width-medium:10%;--awb-order-medium:0;--awb-spacing-right-medium:14.55%;--awb-spacing-left-medium:14.55%;--awb-width-small:100%;--awb-order-small:0;--awb-spacing-right-small:1.455%;--awb-spacing-left-small:1.455%;\"><div class=\"fusion-column-wrapper fusion-column-has-shadow fusion-flex-justify-content-flex-start fusion-content-layout-column\"><i class=\"fb-icon-element-1 fb-icon-element fontawesome-icon awb-recruitment-arrow-btn circle-no\" style=\"--awb-iconcolor:var(--awb-color3);--awb-iconcolor-hover:var(--awb-color6);--awb-font-size:112px;--awb-margin-top:0;--awb-margin-right:0;--awb-margin-bottom:0;--awb-margin-left:0;--awb-align-self:center;\"><\/i><\/div><\/div><div class=\"fusion-layout-column fusion_builder_column fusion-builder-column-5 fusion_builder_column_1_1 1_1 fusion-flex-column\" style=\"--awb-bg-size:cover;--awb-width-large:100%;--awb-spacing-right-large:1.455%;--awb-margin-bottom-large:0px;--awb-spacing-left-large:1.455%;--awb-width-medium:100%;--awb-order-medium:0;--awb-spacing-right-medium:1.455%;--awb-spacing-left-medium:1.455%;--awb-width-small:100%;--awb-order-small:0;--awb-spacing-right-small:1.455%;--awb-spacing-left-small:1.455%;\"><div class=\"fusion-column-wrapper fusion-column-has-shadow fusion-flex-justify-content-flex-start fusion-content-layout-column\"><div class=\"fusion-text fusion-text-2\"><p>Anche quest\u2019anno, all\u2019interno del Simposio, verr\u00e0 predisposto uno spazio dedicato alle evidenze generate dalle Associazioni Pazienti, con l\u2019esposizione di abstract\/poster inerenti la metodologia del patient engagement nonch\u00e9 attivit\u00e0 di patient advocacy promosse dalle stesse associazioni, a supporto del focus che verr\u00e0 trattato all\u2019interno della sessione VIII, coordinata dal gruppo Patient Voice &amp; Value &#8211; PVV.<\/p>\n<\/div><div style=\"text-align:center;\"><a class=\"fusion-button button-flat fusion-button-default-size button-default fusion-button-default button-1 fusion-button-span-no fusion-button-default-type\" style=\"--button_text_transform:none;--button_margin-top:2%;--button_margin-bottom:2%;\" target=\"_self\" href=\"https:\/\/simposio.afiscientifica.it\/wp-content\/uploads\/2026\/01\/Template-Presentazione-Poster-65\u00b0-Simposio-AFI.docx\"><div class=\"awb-button__hover-content awb-button__hover-content--default awb-button__hover-content--centered\"><span class=\"fusion-button-text awb-button__text awb-button__text--default\">Download the Template<\/span><span class=\"fusion-button-text awb-button__text awb-button__text--hover\">Click Here<\/span><\/div><\/a><\/div><div style=\"text-align:center;\"><a class=\"fusion-button button-flat fusion-button-default-size button-default fusion-button-default button-2 fusion-button-span-no fusion-button-default-type\" style=\"--button_text_transform:none;--button_margin-top:2%;--button_margin-bottom:4%;\" target=\"_blank\" rel=\"noopener noreferrer\" href=\"https:\/\/simposio.afiscientifica.it\/en\/modulo-poster-simposio-associazioni\/\"><div class=\"awb-button__hover-content awb-button__hover-content--default awb-button__hover-content--centered\"><span class=\"fusion-button-text awb-button__text awb-button__text--default\">Submit your Abstract<\/span><span class=\"fusion-button-text awb-button__text awb-button__text--hover\">Click Here<\/span><\/div><\/a><\/div><\/div><\/div><\/div><\/div><\/p>","protected":false},"excerpt":{"rendered":"","protected":false},"author":1,"featured_media":5918,"parent":0,"menu_order":0,"comment_status":"closed","ping_status":"closed","template":"100-width.php","meta":{"_acf_changed":false,"footnotes":""},"class_list":["post-7446","page","type-page","status-publish","has-post-thumbnail","hentry"],"acf":[],"_links":{"self":[{"href":"https:\/\/simposio.afiscientifica.it\/en\/wp-json\/wp\/v2\/pages\/7446","targetHints":{"allow":["GET"]}}],"collection":[{"href":"https:\/\/simposio.afiscientifica.it\/en\/wp-json\/wp\/v2\/pages"}],"about":[{"href":"https:\/\/simposio.afiscientifica.it\/en\/wp-json\/wp\/v2\/types\/page"}],"author":[{"embeddable":true,"href":"https:\/\/simposio.afiscientifica.it\/en\/wp-json\/wp\/v2\/users\/1"}],"replies":[{"embeddable":true,"href":"https:\/\/simposio.afiscientifica.it\/en\/wp-json\/wp\/v2\/comments?post=7446"}],"version-history":[{"count":3,"href":"https:\/\/simposio.afiscientifica.it\/en\/wp-json\/wp\/v2\/pages\/7446\/revisions"}],"predecessor-version":[{"id":7453,"href":"https:\/\/simposio.afiscientifica.it\/en\/wp-json\/wp\/v2\/pages\/7446\/revisions\/7453"}],"wp:featuredmedia":[{"embeddable":true,"href":"https:\/\/simposio.afiscientifica.it\/en\/wp-json\/wp\/v2\/media\/5918"}],"wp:attachment":[{"href":"https:\/\/simposio.afiscientifica.it\/en\/wp-json\/wp\/v2\/media?parent=7446"}],"curies":[{"name":"wp","href":"https:\/\/api.w.org\/{rel}","templated":true}]}}